{"id":3224,"date":"2019-07-31T08:43:05","date_gmt":"2019-07-31T08:43:05","guid":{"rendered":"https:\/\/www.clausius.es\/?page_id=3224"},"modified":"2019-07-31T08:43:05","modified_gmt":"2019-07-31T08:43:05","slug":"geothermie","status":"publish","type":"page","link":"https:\/\/www.clausius.es\/de\/geothermie\/","title":{"rendered":"Geothermie"},"content":{"rendered":"\n<style type=\"text\/css\" data-created_by=\"avia_inline_auto\" id=\"style-css-av-u9yy-d2d64f658ce5399213892a02bdda81a6\">\n.avia-section.av-u9yy-d2d64f658ce5399213892a02bdda81a6{\nbackground-color:#ef000e;\n}\n<\/style>\n<div id='av_section_1'  class='avia-section av-u9yy-d2d64f658ce5399213892a02bdda81a6 main_color avia-section-default avia-no-border-styling  avia-builder-el-0  el_before_av_section  avia-builder-el-first  avia-bg-style-scroll  container_wrap sidebar_right'  ><div class='container av-section-cont-open' ><main  role=\"main\" itemprop=\"mainContentOfPage\"  class='template-page content  av-content-small alpha units'><div class='post-entry post-entry-type-page post-entry-3224'><div class='entry-content-wrapper clearfix'>\n\n<style type=\"text\/css\" data-created_by=\"avia_inline_auto\" id=\"style-css-av-jnn1h8xl-5c6e11eabb8e965077c7e47e55089d0f\">\n.av_textblock_section.av-jnn1h8xl-5c6e11eabb8e965077c7e47e55089d0f .avia_textblock{\ncolor:#ffffff;\n}\n<\/style>\n<section  class='av_textblock_section av-jnn1h8xl-5c6e11eabb8e965077c7e47e55089d0f '  itemscope=\"itemscope\" itemtype=\"https:\/\/schema.org\/CreativeWork\" ><div class='avia_textblock av_inherit_color '  itemprop=\"text\" ><h1>Erdw\u00e4rmepumpen<\/h1>\n<p>Die Zukunft der erneuerbaren Energien<\/p>\n<\/div><\/section>\n<\/div><\/div><\/main><!-- close content main element --><\/div><\/div><div id='av_section_2'  class='avia-section av-gl2ai-e76afa4ff7a75c27242190c0a677b0ae main_color avia-section-default avia-no-border-styling  avia-builder-el-2  el_after_av_section  avia-builder-el-last  avia-bg-style-scroll  container_wrap sidebar_right'  ><div class='container av-section-cont-open' ><div class='template-page content  av-content-small alpha units'><div class='post-entry post-entry-type-page post-entry-3224'><div class='entry-content-wrapper clearfix'>\n<div class='flex_column_table av-e6016-edce3532b97fffd8c221dc5e1cf9af59 sc-av_two_third av-equal-height-column-flextable'>\n<style type=\"text\/css\" data-created_by=\"avia_inline_auto\" id=\"style-css-av-e6016-edce3532b97fffd8c221dc5e1cf9af59\">\n.flex_column.av-e6016-edce3532b97fffd8c221dc5e1cf9af59{\nborder-radius:0px 0px 0px 0px;\n-webkit-border-radius:0px 0px 0px 0px;\n-moz-border-radius:0px 0px 0px 0px;\n}\n<\/style>\n<div class='flex_column av-e6016-edce3532b97fffd8c221dc5e1cf9af59 av_two_third  avia-builder-el-3  el_before_av_one_third  avia-builder-el-first  first flex_column_table_cell av-equal-height-column av-align-top av-zero-column-padding '   ><p><section  class='av_textblock_section av-jnn0gb9a-93dbfe29cfca65dae68860d0394cbec5 '  itemscope=\"itemscope\" itemtype=\"https:\/\/schema.org\/CreativeWork\" ><div class='avia_textblock '  itemprop=\"text\" ><p>Geothermie ist die im Boden verf\u00fcgbare W\u00e4rmeenergie, die als W\u00e4rme gewonnen werden kann. Wenn das Temperaturniveau dieser Energie unter 30 \u00b0 C liegt, k\u00f6nnen Erdw\u00e4rmepumpen (Ground Source Heat Pumps, GSHP) zur Entnahme von Erdw\u00e4rme f\u00fcr die Raumheizung und die Warmwasserbereitung verwendet werden. Dar\u00fcber hinaus k\u00f6nnen GSHPs auch zur aktiven und passiven K\u00fchlung eingesetzt werden. Die Geothermie ist erneuerbar, wie in der EU-Richtlinie 2009\/28 \/ EG ausdr\u00fccklich anerkannt.<\/p>\n<\/div><\/section><br \/>\n\n<style type=\"text\/css\" data-created_by=\"avia_inline_auto\" id=\"style-css-av-joft9a9f-b2b186df0b71252a06c8fd0c17d493a5\">\n#top .hr.hr-invisible.av-joft9a9f-b2b186df0b71252a06c8fd0c17d493a5{\nheight:30px;\n}\n<\/style>\n<div  class='hr av-joft9a9f-b2b186df0b71252a06c8fd0c17d493a5 hr-invisible  avia-builder-el-5  el_after_av_textblock  el_before_av_image  '><span class='hr-inner '><span class=\"hr-inner-style\"><\/span><\/span><\/div><br \/>\n\n<style type=\"text\/css\" data-created_by=\"avia_inline_auto\" id=\"style-css-av-joejb734-f3ea1879f2be2326490e2959615826c1\">\n.avia-image-container.av-joejb734-f3ea1879f2be2326490e2959615826c1 .av-image-caption-overlay-center{\ncolor:#ffffff;\n}\n<\/style>\n<div  class='avia-image-container av-joejb734-f3ea1879f2be2326490e2959615826c1 av-styling- avia-align-center  avia-builder-el-6  el_after_av_hr  el_before_av_hr  '  itemprop=\"image\" itemscope=\"itemscope\" itemtype=\"https:\/\/schema.org\/ImageObject\" ><div class=\"avia-image-container-inner\"><div class=\"avia-image-overlay-wrap\"><img decoding=\"async\" class='wp-image-3230 avia-img-lazy-loading-not-3230 avia_image' src=\"https:\/\/www.clausius.es\/wp-content\/uploads\/2019\/05\/heating_en.jpg\" alt='' title='heating_en'  height=\"282\" width=\"684\"  itemprop=\"thumbnailUrl\" srcset=\"https:\/\/www.clausius.es\/wp-content\/uploads\/2019\/05\/heating_en.jpg 684w, https:\/\/www.clausius.es\/wp-content\/uploads\/2019\/05\/heating_en-300x124.jpg 300w, https:\/\/www.clausius.es\/wp-content\/uploads\/2019\/05\/heating_en-450x186.jpg 450w\" sizes=\"(max-width: 684px) 100vw, 684px\" \/><\/div><\/div><\/div><br \/>\n\n<style type=\"text\/css\" data-created_by=\"avia_inline_auto\" id=\"style-css-av-joft9a9f-b2b186df0b71252a06c8fd0c17d493a5\">\n#top .hr.hr-invisible.av-joft9a9f-b2b186df0b71252a06c8fd0c17d493a5{\nheight:30px;\n}\n<\/style>\n<div  class='hr av-joft9a9f-b2b186df0b71252a06c8fd0c17d493a5 hr-invisible  avia-builder-el-7  el_after_av_image  el_before_av_textblock  '><span class='hr-inner '><span class=\"hr-inner-style\"><\/span><\/span><\/div><br \/>\n<section  class='av_textblock_section av-jnn0gb9a-93dbfe29cfca65dae68860d0394cbec5 '  itemscope=\"itemscope\" itemtype=\"https:\/\/schema.org\/CreativeWork\" ><div class='avia_textblock '  itemprop=\"text\" ><p>Die Nutzung von Erdw\u00e4rme durch Erdw\u00e4rmepumpen erfordert den Einsatz von Kollektorsystemen zur Entnahme von Erdw\u00e4rme. Gebr\u00e4uchliche Kollektorsysteme sind vertikale Bohrl\u00f6cher, horizontale Bodenkollektoren und Grundwassersysteme.<\/p>\n<\/div><\/section><br \/>\n\n<style type=\"text\/css\" data-created_by=\"avia_inline_auto\" id=\"style-css-av-joft9a9f-b2b186df0b71252a06c8fd0c17d493a5\">\n#top .hr.hr-invisible.av-joft9a9f-b2b186df0b71252a06c8fd0c17d493a5{\nheight:30px;\n}\n<\/style>\n<div  class='hr av-joft9a9f-b2b186df0b71252a06c8fd0c17d493a5 hr-invisible  avia-builder-el-9  el_after_av_textblock  el_before_av_image  '><span class='hr-inner '><span class=\"hr-inner-style\"><\/span><\/span><\/div><br \/>\n\n<style type=\"text\/css\" data-created_by=\"avia_inline_auto\" id=\"style-css-av-joejbfe2-e824e6d81e184fa43703ef0f9fdb8270\">\n.avia-image-container.av-joejbfe2-e824e6d81e184fa43703ef0f9fdb8270 .av-image-caption-overlay-center{\ncolor:#ffffff;\n}\n<\/style>\n<div  class='avia-image-container av-joejbfe2-e824e6d81e184fa43703ef0f9fdb8270 av-styling- avia-align-center  avia-builder-el-10  el_after_av_hr  el_before_av_hr  '  itemprop=\"image\" itemscope=\"itemscope\" itemtype=\"https:\/\/schema.org\/ImageObject\" ><div class=\"avia-image-container-inner\"><div class=\"avia-image-overlay-wrap\"><img decoding=\"async\" class='wp-image-3231 avia-img-lazy-loading-not-3231 avia_image' src=\"https:\/\/www.clausius.es\/wp-content\/uploads\/2019\/05\/collector_en.jpg\" alt='' title='collector_en'  height=\"169\" width=\"666\"  itemprop=\"thumbnailUrl\" srcset=\"https:\/\/www.clausius.es\/wp-content\/uploads\/2019\/05\/collector_en.jpg 666w, https:\/\/www.clausius.es\/wp-content\/uploads\/2019\/05\/collector_en-300x76.jpg 300w, https:\/\/www.clausius.es\/wp-content\/uploads\/2019\/05\/collector_en-450x114.jpg 450w\" sizes=\"(max-width: 666px) 100vw, 666px\" \/><\/div><\/div><\/div><br \/>\n\n<style type=\"text\/css\" data-created_by=\"avia_inline_auto\" id=\"style-css-av-joft9a9f-b2b186df0b71252a06c8fd0c17d493a5\">\n#top .hr.hr-invisible.av-joft9a9f-b2b186df0b71252a06c8fd0c17d493a5{\nheight:30px;\n}\n<\/style>\n<div  class='hr av-joft9a9f-b2b186df0b71252a06c8fd0c17d493a5 hr-invisible  avia-builder-el-11  el_after_av_image  el_before_av_textblock  '><span class='hr-inner '><span class=\"hr-inner-style\"><\/span><\/span><\/div><br \/>\n<section  class='av_textblock_section av-jnn0gb9a-93dbfe29cfca65dae68860d0394cbec5 '  itemscope=\"itemscope\" itemtype=\"https:\/\/schema.org\/CreativeWork\" ><div class='avia_textblock '  itemprop=\"text\" ><p>Heiz- und K\u00fchlanlagen mit Erdw\u00e4rmepumpen bestehen aus dem Erdw\u00e4rmekollektorsystem, der W\u00e4rmepumpe selbst und dem W\u00e4rmeverteilungssystem im Geb\u00e4ude. Verteilungssysteme, die \u00fcblicherweise verwendet werden, sind Fu\u00dfbodenheizungen und Strahlungsoberfl\u00e4chen, Fancoil-Einheiten oder Niedertemperaturstrahler.<\/p>\n<\/div><\/section><br \/>\n\n<style type=\"text\/css\" data-created_by=\"avia_inline_auto\" id=\"style-css-av-joft9a9f-b2b186df0b71252a06c8fd0c17d493a5\">\n#top .hr.hr-invisible.av-joft9a9f-b2b186df0b71252a06c8fd0c17d493a5{\nheight:30px;\n}\n<\/style>\n<div  class='hr av-joft9a9f-b2b186df0b71252a06c8fd0c17d493a5 hr-invisible  avia-builder-el-13  el_after_av_textblock  el_before_av_button  '><span class='hr-inner '><span class=\"hr-inner-style\"><\/span><\/span><\/div><br \/>\n<div  class='avia-button-wrap avia-button-left  avia-builder-el-14  el_after_av_hr  avia-builder-el-last ' ><a href='https:\/\/www.youtube.com\/watch?v=T3vxwTdUM4c'  class='avia-button av-joeiz5cg-051dc7b6a9c04a418121c16ebcdce25b avia-icon_select-yes-left-icon avia-size-large avia-position-left avia-color-red ' ><span class='avia_button_icon avia_button_icon_left' aria-hidden='true' data-av_icon='\ue80d' data-av_iconfont='entypo-fontello'><\/span><span class='avia_iconbox_title' >Video \u00fcber Geothermie (1:02)<\/span><\/a><\/div><\/p><\/div><div class='av-flex-placeholder'><\/div>\n<style type=\"text\/css\" data-created_by=\"avia_inline_auto\" id=\"style-css-av-91o8a-1a4d7d0c04495b4602a1c7cc703a7538\">\n.flex_column.av-91o8a-1a4d7d0c04495b4602a1c7cc703a7538{\nborder-radius:0px 0px 0px 0px;\n-webkit-border-radius:0px 0px 0px 0px;\n-moz-border-radius:0px 0px 0px 0px;\nbackground:url(https:\/\/www.clausius.es\/wp-content\/uploads\/2018\/11\/casa.jpg) 50% 50% no-repeat scroll ;\n}\n<\/style>\n<div class='flex_column av-91o8a-1a4d7d0c04495b4602a1c7cc703a7538 av_one_third  avia-builder-el-15  el_after_av_two_third  el_before_av_two_third  flex_column_table_cell av-equal-height-column av-align-top av-zero-column-padding avia-full-stretch '   ><\/div><\/div><!--close column table wrapper. Autoclose: 1 -->\n<style type=\"text\/css\" data-created_by=\"avia_inline_auto\" id=\"style-css-av-a17ju-1a382938c91c46a97506736376c499de\">\n.flex_column.av-a17ju-1a382938c91c46a97506736376c499de{\nborder-radius:0px 0px 0px 0px;\n-webkit-border-radius:0px 0px 0px 0px;\n-moz-border-radius:0px 0px 0px 0px;\npadding:20px 20px 20px 20px;\nbackground-color:#ef000e;\n}\n<\/style>\n<div class='flex_column av-a17ju-1a382938c91c46a97506736376c499de av_two_third  avia-builder-el-16  el_after_av_one_third  avia-builder-el-last  first flex_column_div column-top-margin'   ><p>\n<style type=\"text\/css\" data-created_by=\"avia_inline_auto\" id=\"style-css-av-jyr00o15-7ec619983155cdf7e14ac6a5df726044\">\n#top .av-special-heading.av-jyr00o15-7ec619983155cdf7e14ac6a5df726044{\npadding-bottom:10px;\ncolor:#ffffff;\n}\n.av-special-heading.av-jyr00o15-7ec619983155cdf7e14ac6a5df726044 .special-heading-inner-border{\nborder-color:#ffffff;\n}\n.av-special-heading.av-jyr00o15-7ec619983155cdf7e14ac6a5df726044 .av-subheading{\nfont-size:18px;\n}\n<\/style>\n<div  class='av-special-heading av-jyr00o15-7ec619983155cdf7e14ac6a5df726044 av-special-heading-h2 custom-color-heading blockquote modern-quote  avia-builder-el-17  el_before_av_hr  avia-builder-el-first  '><h2 class='av-special-heading-tag '  itemprop=\"headline\"  >HEIZ- UND K\u00dcHLANLAGEN MIT ERDW\u00c4RMEPUMPEN<\/h2><div class='av_custom_color av-subheading av-subheading_below '><p>Vorteile<\/p>\n<\/div><div class='special-heading-border'><div class='special-heading-inner-border'><\/div><\/div><\/div><br \/>\n\n<style type=\"text\/css\" data-created_by=\"avia_inline_auto\" id=\"style-css-av-jqghx6w2-f033e0e69cbf09441ca016910cf90f1b\">\n#top .hr.hr-invisible.av-jqghx6w2-f033e0e69cbf09441ca016910cf90f1b{\nheight:15px;\n}\n<\/style>\n<div  class='hr av-jqghx6w2-f033e0e69cbf09441ca016910cf90f1b hr-invisible  avia-builder-el-18  el_after_av_heading  el_before_av_textblock  '><span class='hr-inner '><span class=\"hr-inner-style\"><\/span><\/span><\/div><br \/>\n\n<style type=\"text\/css\" data-created_by=\"avia_inline_auto\" id=\"style-css-av-jnn0gb9a-e11f5051991ea795f21e054337bf0a8b\">\n.av_textblock_section.av-jnn0gb9a-e11f5051991ea795f21e054337bf0a8b .avia_textblock{\ncolor:#ffffff;\n}\n<\/style>\n<section  class='av_textblock_section av-jnn0gb9a-e11f5051991ea795f21e054337bf0a8b '  itemscope=\"itemscope\" itemtype=\"https:\/\/schema.org\/CreativeWork\" ><div class='avia_textblock av_inherit_color '  itemprop=\"text\" ><div><\/div>\n<ul>\n<li><strong>Integrieren Sie die Klimaregelung, um die Erzeugung von Heizung<\/strong>, K\u00fchlung und Warmwasser in einer einzigen Anlage zu erm\u00f6glichen.<\/li>\n<li><strong>Passive K\u00fchlung.<\/strong> Erm\u00f6glichen Sie die passive K\u00fchlung mit extrem niedrigem Energieverbrauch und niedrigen Kosten, die die Luftw\u00e4rmepumpen technologisch \u00fcbersteigen.<\/li>\n<li><strong>Ger\u00e4uscharm.<\/strong> Ben\u00f6tigen Sie keine lauten L\u00fcfter und erzeugen Sie keine Luftz\u00fcge. Alle Komponenten sind ger\u00e4uschlos und schallisoliert im Geh\u00e4use.<\/li>\n<li><strong>Einfach zu bedienen.<\/strong> Werden mit einfachen Thermostaten gesteuert und erfordern keine Benutzerinteraktion, was einen hohen Komfort bietet.<\/li>\n<li><strong>Sauber und sicher<\/strong>. Sie ben\u00f6tigen keinen Brennstoff und erzeugen keine Flammen oder Rauch, so dass sie keine Brennstofftanks oder Schornsteine \u200b\u200bben\u00f6tigen.<\/li>\n<li><strong>Keine Installation von Elementen im Freien erforderlich<\/strong>, keine visuelle Beeintr\u00e4chtigung. Alle ihre Komponenten sind im Erdreich oder im Inneren des Geb\u00e4udes vergraben, daher ben\u00f6tigen sie keine Elemente im Freien. Sie verursachen keinerlei visuelle Auswirkungen.<\/li>\n<li><strong>Zuverl\u00e4ssigkeit<\/strong>. Anlagen mit Erdw\u00e4rmepumpen erfordern nur minimale Wartung und haben eine lange Lebensdauer, da sie eine einfache, bew\u00e4hrte, bekannte und sehr zuverl\u00e4ssige Technologie verwenden.<\/li>\n<li><strong>Energieeffizienz und wirtschaftliche Einsparungen<\/strong>. ErPA +++ Rating. Sie bieten eine weitaus h\u00f6here Energieeffizienz als herk\u00f6mmliche Systeme und andere Arten von W\u00e4rmepumpen, sodass die Heizkosten drastisch gesenkt werden und erhebliche Einsparungen erzielt werden.<\/li>\n<\/ul>\n<div><\/div>\n<\/div><\/section><\/p><\/div><\/div><\/div><\/div><!-- close content main div --><\/div><\/div><div id='after_section_2'  class='main_color av_default_container_wrap container_wrap sidebar_right'  ><div class='container av-section-cont-open' ><div class='template-page content  av-content-small alpha units'><div class='post-entry post-entry-type-page post-entry-3224'><div class='entry-content-wrapper clearfix'><\/p>\n","protected":false},"excerpt":{"rendered":"","protected":false},"author":3,"featured_media":0,"parent":0,"menu_order":0,"comment_status":"closed","ping_status":"closed","template":"","meta":{"footnotes":""},"class_list":["post-3224","page","type-page","status-publish","hentry"],"yoast_head":"<!-- This site is optimized with the Yoast SEO plugin v27.3 - https:\/\/yoast.com\/product\/yoast-seo-wordpress\/ -->\n<title>Geothermie - Clausius<\/title>\n<meta name=\"robots\" content=\"index, follow, max-snippet:-1, max-image-preview:large, max-video-preview:-1\" \/>\n<link rel=\"canonical\" href=\"https:\/\/www.clausius.es\/de\/geothermie\/\" \/>\n<meta property=\"og:locale\" content=\"de_DE\" \/>\n<meta property=\"og:type\" content=\"article\" \/>\n<meta property=\"og:title\" content=\"Geothermie - Clausius\" \/>\n<meta property=\"og:url\" content=\"https:\/\/www.clausius.es\/de\/geothermie\/\" \/>\n<meta property=\"og:site_name\" content=\"Clausius\" \/>\n<meta name=\"twitter:card\" content=\"summary_large_image\" \/>\n<meta name=\"twitter:label1\" content=\"Gesch\u00e4tzte Lesezeit\" \/>\n\t<meta name=\"twitter:data1\" content=\"8\u00a0Minuten\" \/>\n<script type=\"application\/ld+json\" class=\"yoast-schema-graph\">{\"@context\":\"https:\\\/\\\/schema.org\",\"@graph\":[{\"@type\":\"WebPage\",\"@id\":\"https:\\\/\\\/www.clausius.es\\\/de\\\/geothermie\\\/\",\"url\":\"https:\\\/\\\/www.clausius.es\\\/de\\\/geothermie\\\/\",\"name\":\"Geothermie - Clausius\",\"isPartOf\":{\"@id\":\"https:\\\/\\\/www.clausius.es\\\/#website\"},\"datePublished\":\"2019-07-31T08:43:05+00:00\",\"breadcrumb\":{\"@id\":\"https:\\\/\\\/www.clausius.es\\\/de\\\/geothermie\\\/#breadcrumb\"},\"inLanguage\":\"de\",\"potentialAction\":[{\"@type\":\"ReadAction\",\"target\":[\"https:\\\/\\\/www.clausius.es\\\/de\\\/geothermie\\\/\"]}]},{\"@type\":\"BreadcrumbList\",\"@id\":\"https:\\\/\\\/www.clausius.es\\\/de\\\/geothermie\\\/#breadcrumb\",\"itemListElement\":[{\"@type\":\"ListItem\",\"position\":1,\"name\":\"Portada\",\"item\":\"https:\\\/\\\/www.clausius.es\\\/de\\\/titelseite\\\/\"},{\"@type\":\"ListItem\",\"position\":2,\"name\":\"Geothermie\"}]},{\"@type\":\"WebSite\",\"@id\":\"https:\\\/\\\/www.clausius.es\\\/#website\",\"url\":\"https:\\\/\\\/www.clausius.es\\\/\",\"name\":\"Clausius\",\"description\":\"\",\"potentialAction\":[{\"@type\":\"SearchAction\",\"target\":{\"@type\":\"EntryPoint\",\"urlTemplate\":\"https:\\\/\\\/www.clausius.es\\\/?s={search_term_string}\"},\"query-input\":{\"@type\":\"PropertyValueSpecification\",\"valueRequired\":true,\"valueName\":\"search_term_string\"}}],\"inLanguage\":\"de\"}]}<\/script>\n<!-- \/ Yoast SEO plugin. -->","yoast_head_json":{"title":"Geothermie - Clausius","robots":{"index":"index","follow":"follow","max-snippet":"max-snippet:-1","max-image-preview":"max-image-preview:large","max-video-preview":"max-video-preview:-1"},"canonical":"https:\/\/www.clausius.es\/de\/geothermie\/","og_locale":"de_DE","og_type":"article","og_title":"Geothermie - Clausius","og_url":"https:\/\/www.clausius.es\/de\/geothermie\/","og_site_name":"Clausius","twitter_card":"summary_large_image","twitter_misc":{"Gesch\u00e4tzte Lesezeit":"8\u00a0Minuten"},"schema":{"@context":"https:\/\/schema.org","@graph":[{"@type":"WebPage","@id":"https:\/\/www.clausius.es\/de\/geothermie\/","url":"https:\/\/www.clausius.es\/de\/geothermie\/","name":"Geothermie - Clausius","isPartOf":{"@id":"https:\/\/www.clausius.es\/#website"},"datePublished":"2019-07-31T08:43:05+00:00","breadcrumb":{"@id":"https:\/\/www.clausius.es\/de\/geothermie\/#breadcrumb"},"inLanguage":"de","potentialAction":[{"@type":"ReadAction","target":["https:\/\/www.clausius.es\/de\/geothermie\/"]}]},{"@type":"BreadcrumbList","@id":"https:\/\/www.clausius.es\/de\/geothermie\/#breadcrumb","itemListElement":[{"@type":"ListItem","position":1,"name":"Portada","item":"https:\/\/www.clausius.es\/de\/titelseite\/"},{"@type":"ListItem","position":2,"name":"Geothermie"}]},{"@type":"WebSite","@id":"https:\/\/www.clausius.es\/#website","url":"https:\/\/www.clausius.es\/","name":"Clausius","description":"","potentialAction":[{"@type":"SearchAction","target":{"@type":"EntryPoint","urlTemplate":"https:\/\/www.clausius.es\/?s={search_term_string}"},"query-input":{"@type":"PropertyValueSpecification","valueRequired":true,"valueName":"search_term_string"}}],"inLanguage":"de"}]}},"_links":{"self":[{"href":"https:\/\/www.clausius.es\/de\/wp-json\/wp\/v2\/pages\/3224","targetHints":{"allow":["GET"]}}],"collection":[{"href":"https:\/\/www.clausius.es\/de\/wp-json\/wp\/v2\/pages"}],"about":[{"href":"https:\/\/www.clausius.es\/de\/wp-json\/wp\/v2\/types\/page"}],"author":[{"embeddable":true,"href":"https:\/\/www.clausius.es\/de\/wp-json\/wp\/v2\/users\/3"}],"replies":[{"embeddable":true,"href":"https:\/\/www.clausius.es\/de\/wp-json\/wp\/v2\/comments?post=3224"}],"version-history":[{"count":4,"href":"https:\/\/www.clausius.es\/de\/wp-json\/wp\/v2\/pages\/3224\/revisions"}],"predecessor-version":[{"id":5989,"href":"https:\/\/www.clausius.es\/de\/wp-json\/wp\/v2\/pages\/3224\/revisions\/5989"}],"wp:attachment":[{"href":"https:\/\/www.clausius.es\/de\/wp-json\/wp\/v2\/media?parent=3224"}],"curies":[{"name":"wp","href":"https:\/\/api.w.org\/{rel}","templated":true}]}}