{"id":3235,"date":"2019-07-31T08:52:08","date_gmt":"2019-07-31T08:52:08","guid":{"rendered":"https:\/\/www.clausius.es\/?page_id=3235"},"modified":"2019-07-31T09:38:31","modified_gmt":"2019-07-31T09:38:31","slug":"uber-clausius","status":"publish","type":"page","link":"https:\/\/www.clausius.es\/de\/uber-clausius\/","title":{"rendered":"\u00dcber uns"},"content":{"rendered":"\n<style type=\"text\/css\" data-created_by=\"avia_inline_auto\" id=\"style-css-av-u9yy-62b6f96f9f8d2e3757ded75355e9ce05\">\n.avia-section.av-u9yy-62b6f96f9f8d2e3757ded75355e9ce05{\nbackground-color:#ef000e;\n}\n<\/style>\n<div id='av_section_1'  class='avia-section av-u9yy-62b6f96f9f8d2e3757ded75355e9ce05 main_color avia-section-default avia-no-border-styling  avia-builder-el-0  el_before_av_section  avia-builder-el-first  avia-bg-style-scroll  container_wrap sidebar_right'  ><div class='container av-section-cont-open' ><main  role=\"main\" itemprop=\"mainContentOfPage\"  class='template-page content  av-content-small alpha units'><div class='post-entry post-entry-type-page post-entry-3235'><div class='entry-content-wrapper clearfix'>\n\n<style type=\"text\/css\" data-created_by=\"avia_inline_auto\" id=\"style-css-av-jnn1h8xl-5c6e11eabb8e965077c7e47e55089d0f\">\n.av_textblock_section.av-jnn1h8xl-5c6e11eabb8e965077c7e47e55089d0f .avia_textblock{\ncolor:#ffffff;\n}\n<\/style>\n<section  class='av_textblock_section av-jnn1h8xl-5c6e11eabb8e965077c7e47e55089d0f '  itemscope=\"itemscope\" itemtype=\"https:\/\/schema.org\/CreativeWork\" ><div class='avia_textblock av_inherit_color '  itemprop=\"text\" ><h1 style=\"color: #ffffff;\">\u00dcber uns<\/h1>\n<\/div><\/section>\n<\/div><\/div><\/main><!-- close content main element --><\/div><\/div><div id='av_section_2'  class='avia-section av-7plid-e20a1f05be17178bb72d1a5c0a085551 main_color avia-section-default avia-no-border-styling  avia-builder-el-2  el_after_av_section  avia-builder-el-last  avia-bg-style-scroll  container_wrap sidebar_right'  ><div class='container av-section-cont-open' ><div class='template-page content  av-content-small alpha units'><div class='post-entry post-entry-type-page post-entry-3235'><div class='entry-content-wrapper clearfix'>\n\n<style type=\"text\/css\" data-created_by=\"avia_inline_auto\" id=\"style-css-av-r3rh-1b846c6b41404d0f16b682c278847244\">\n.flex_column.av-r3rh-1b846c6b41404d0f16b682c278847244{\nborder-radius:0px 0px 0px 0px;\n-webkit-border-radius:0px 0px 0px 0px;\n-moz-border-radius:0px 0px 0px 0px;\n}\n<\/style>\n<div class='flex_column av-r3rh-1b846c6b41404d0f16b682c278847244 av_three_fifth  avia-builder-el-3  el_before_av_one_third  avia-builder-el-first  first flex_column_div av-zero-column-padding '   ><section  class='av_textblock_section av-jnn09vmh-7e201a0c10b2f530b8194547bc278b72 '  itemscope=\"itemscope\" itemtype=\"https:\/\/schema.org\/CreativeWork\" ><div class='avia_textblock '  itemprop=\"text\" ><h3>\u00dcber CLAUSIUS<\/h3>\n<p>Wir sind ein Spin-off der 2014 gegr\u00fcndeten Universit\u00e4t Vigo mit Hauptsitz auf dem Campus Lagoas-Marcosende. Unser Team besteht haupts\u00e4chlich aus hochqualifizierten Ingenieuren, die an dieser Universit\u00e4t studiert haben. Au\u00dferdem leistet Clausius einen Beitrag zur praktischen Ausbildung von Studenten durch ihre Teilnahme an verschiedenen Praktikumsprogrammen.<\/p>\n<p>Unsere Arbeit ist das Ergebnis einer Reaktion auf den aktuellen Bedarf nach st\u00e4ndiger Weiterentwicklung der in den Bereichen erneuerbare Energien, Heizung, HLK und K\u00e4lte verwendeten Technologien. Dies ist haupts\u00e4chlich auf die neuen internationalen Standards zur\u00fcckzuf\u00fchren, deren Ziel es ist, den Verbrauch konventioneller umweltsch\u00e4dlicher Energien zu senken, deren Auswirkungen auf die Umwelt zu verringern sowie die Nutzung erneuerbarer Energiequellen zu steigern und deren Effizienz zu verbessern Arten von Systemen.<\/p>\n<\/div><\/section><br \/>\n\n<style type=\"text\/css\" data-created_by=\"avia_inline_auto\" id=\"style-css-av-jo61brsm-198c442db63a6d309bdf15df81b17542\">\n#top .hr.hr-invisible.av-jo61brsm-198c442db63a6d309bdf15df81b17542{\nheight:15px;\n}\n<\/style>\n<div  class='hr av-jo61brsm-198c442db63a6d309bdf15df81b17542 hr-invisible  avia-builder-el-5  el_after_av_textblock  el_before_av_textblock  '><span class='hr-inner '><span class=\"hr-inner-style\"><\/span><\/span><\/div><br \/>\n<section  class='av_textblock_section av-jnn09vmh-7e201a0c10b2f530b8194547bc278b72 '  itemscope=\"itemscope\" itemtype=\"https:\/\/schema.org\/CreativeWork\" ><div class='avia_textblock '  itemprop=\"text\" ><h3>Unsere Aufgabe<\/h3>\n<p class=\"Normal P-2\">Clausius ist bestrebt, nach neuen Technologien und Produkten auf dem Markt zu suchen und diese zu analysieren, die sich auf Systeme f\u00fcr erneuerbare Energien, Heizung, L\u00fcftung und K\u00fchlung beziehen, um hochmoderne Produkte mit der besten technologischen Qualit\u00e4t anzubieten.<\/p>\n<\/div><\/section><br \/>\n\n<style type=\"text\/css\" data-created_by=\"avia_inline_auto\" id=\"style-css-av-jo61brsm-198c442db63a6d309bdf15df81b17542\">\n#top .hr.hr-invisible.av-jo61brsm-198c442db63a6d309bdf15df81b17542{\nheight:15px;\n}\n<\/style>\n<div  class='hr av-jo61brsm-198c442db63a6d309bdf15df81b17542 hr-invisible  avia-builder-el-7  el_after_av_textblock  el_before_av_textblock  '><span class='hr-inner '><span class=\"hr-inner-style\"><\/span><\/span><\/div><br \/>\n<section  class='av_textblock_section av-jnn09vmh-7e201a0c10b2f530b8194547bc278b72 '  itemscope=\"itemscope\" itemtype=\"https:\/\/schema.org\/CreativeWork\" ><div class='avia_textblock '  itemprop=\"text\" ><h3>Innovation<\/h3>\n<p>Wir \u00fcberwachen kontinuierlich die neuen Produkte und Ger\u00e4te der verschiedenen Hersteller sowie die nationalen und internationalen Vorschriften f\u00fcr deren Installation und Verwendung. Dar\u00fcber hinaus bieten wir auf Anfrage Beratung und Schulung f\u00fcr andere Unternehmen oder Einrichtungen an.<\/p>\n<p>Clausius hat als Ausgr\u00fcndung der Universit\u00e4t Vigo die M\u00f6glichkeit, f\u00fcr andere Unternehmen oder K\u00f6rperschaften Bewertungen und Vergleiche verschiedener Technologien, Ausr\u00fcstungen und Produkte durch Labortests durchzuf\u00fchren, die von den Forschungsgruppen der Universit\u00e4t im Rahmen von Forschungsvertr\u00e4gen durchgef\u00fchrt werden zwischen beiden Einheiten.<\/p>\n<\/div><\/section><\/p><\/div>\n<style type=\"text\/css\" data-created_by=\"avia_inline_auto\" id=\"style-css-av-7lgl9-a7b8e19b686bf73dbf24301d28333e8f\">\n.flex_column.av-7lgl9-a7b8e19b686bf73dbf24301d28333e8f{\nborder-radius:0px 0px 0px 0px;\n-webkit-border-radius:0px 0px 0px 0px;\n-moz-border-radius:0px 0px 0px 0px;\n}\n<\/style>\n<div class='flex_column av-7lgl9-a7b8e19b686bf73dbf24301d28333e8f av_one_third  avia-builder-el-9  el_after_av_three_fifth  avia-builder-el-last  flex_column_div av-zero-column-padding '   ><style type=\"text\/css\" data-created_by=\"avia_inline_auto\" id=\"style-css-av-jnn0j1qd-9f782c70f6d9b2a5dc8d47ba193f3189\">\n.avia-image-container.av-jnn0j1qd-9f782c70f6d9b2a5dc8d47ba193f3189 .av-image-caption-overlay-center{\ncolor:#ffffff;\n}\n<\/style>\n<div  class='avia-image-container av-jnn0j1qd-9f782c70f6d9b2a5dc8d47ba193f3189 av-styling- avia-align-center  avia-builder-el-10  avia-builder-el-no-sibling  '  itemprop=\"image\" itemscope=\"itemscope\" itemtype=\"https:\/\/schema.org\/ImageObject\" ><div class=\"avia-image-container-inner\"><div class=\"avia-image-overlay-wrap\"><img decoding=\"async\" class='wp-image-3238 avia-img-lazy-loading-not-3238 avia_image' src=\"https:\/\/www.clausius.es\/wp-content\/uploads\/2018\/11\/1-773x1030.jpg\" alt='' title='1'  height=\"1030\" width=\"773\"  itemprop=\"thumbnailUrl\" srcset=\"https:\/\/www.clausius.es\/wp-content\/uploads\/2018\/11\/1-773x1030.jpg 773w, https:\/\/www.clausius.es\/wp-content\/uploads\/2018\/11\/1-225x300.jpg 225w, https:\/\/www.clausius.es\/wp-content\/uploads\/2018\/11\/1-768x1024.jpg 768w, https:\/\/www.clausius.es\/wp-content\/uploads\/2018\/11\/1-1125x1500.jpg 1125w, https:\/\/www.clausius.es\/wp-content\/uploads\/2018\/11\/1-529x705.jpg 529w, https:\/\/www.clausius.es\/wp-content\/uploads\/2018\/11\/1-450x600.jpg 450w, https:\/\/www.clausius.es\/wp-content\/uploads\/2018\/11\/1.jpg 1215w\" sizes=\"(max-width: 773px) 100vw, 773px\" \/><\/div><\/div><\/div><\/div>\n<\/div><\/div><\/div><!-- close content main div --><\/div><\/div><div id='after_section_2'  class='main_color av_default_container_wrap container_wrap sidebar_right'  ><div class='container av-section-cont-open' ><div class='template-page content  av-content-small alpha units'><div class='post-entry post-entry-type-page post-entry-3235'><div class='entry-content-wrapper clearfix'><\/p>\n","protected":false},"excerpt":{"rendered":"","protected":false},"author":3,"featured_media":0,"parent":0,"menu_order":0,"comment_status":"closed","ping_status":"closed","template":"","meta":{"footnotes":""},"class_list":["post-3235","page","type-page","status-publish","hentry"],"yoast_head":"<!-- This site is optimized with the Yoast SEO plugin v27.3 - https:\/\/yoast.com\/product\/yoast-seo-wordpress\/ -->\n<title>\u00dcber uns - Clausius<\/title>\n<meta name=\"robots\" content=\"index, follow, max-snippet:-1, max-image-preview:large, max-video-preview:-1\" \/>\n<link rel=\"canonical\" href=\"https:\/\/www.clausius.es\/de\/uber-clausius\/\" \/>\n<meta property=\"og:locale\" content=\"de_DE\" \/>\n<meta property=\"og:type\" content=\"article\" \/>\n<meta property=\"og:title\" content=\"\u00dcber uns - Clausius\" \/>\n<meta property=\"og:url\" content=\"https:\/\/www.clausius.es\/de\/uber-clausius\/\" \/>\n<meta property=\"og:site_name\" content=\"Clausius\" \/>\n<meta property=\"article:modified_time\" content=\"2019-07-31T09:38:31+00:00\" \/>\n<meta name=\"twitter:card\" content=\"summary_large_image\" \/>\n<meta name=\"twitter:label1\" content=\"Gesch\u00e4tzte Lesezeit\" \/>\n\t<meta name=\"twitter:data1\" content=\"5\u00a0Minuten\" \/>\n<script type=\"application\/ld+json\" class=\"yoast-schema-graph\">{\"@context\":\"https:\\\/\\\/schema.org\",\"@graph\":[{\"@type\":\"WebPage\",\"@id\":\"https:\\\/\\\/www.clausius.es\\\/de\\\/uber-clausius\\\/\",\"url\":\"https:\\\/\\\/www.clausius.es\\\/de\\\/uber-clausius\\\/\",\"name\":\"\u00dcber uns - Clausius\",\"isPartOf\":{\"@id\":\"https:\\\/\\\/www.clausius.es\\\/#website\"},\"datePublished\":\"2019-07-31T08:52:08+00:00\",\"dateModified\":\"2019-07-31T09:38:31+00:00\",\"breadcrumb\":{\"@id\":\"https:\\\/\\\/www.clausius.es\\\/de\\\/uber-clausius\\\/#breadcrumb\"},\"inLanguage\":\"de\",\"potentialAction\":[{\"@type\":\"ReadAction\",\"target\":[\"https:\\\/\\\/www.clausius.es\\\/de\\\/uber-clausius\\\/\"]}]},{\"@type\":\"BreadcrumbList\",\"@id\":\"https:\\\/\\\/www.clausius.es\\\/de\\\/uber-clausius\\\/#breadcrumb\",\"itemListElement\":[{\"@type\":\"ListItem\",\"position\":1,\"name\":\"Portada\",\"item\":\"https:\\\/\\\/www.clausius.es\\\/de\\\/titelseite\\\/\"},{\"@type\":\"ListItem\",\"position\":2,\"name\":\"\u00dcber uns\"}]},{\"@type\":\"WebSite\",\"@id\":\"https:\\\/\\\/www.clausius.es\\\/#website\",\"url\":\"https:\\\/\\\/www.clausius.es\\\/\",\"name\":\"Clausius\",\"description\":\"\",\"potentialAction\":[{\"@type\":\"SearchAction\",\"target\":{\"@type\":\"EntryPoint\",\"urlTemplate\":\"https:\\\/\\\/www.clausius.es\\\/?s={search_term_string}\"},\"query-input\":{\"@type\":\"PropertyValueSpecification\",\"valueRequired\":true,\"valueName\":\"search_term_string\"}}],\"inLanguage\":\"de\"}]}<\/script>\n<!-- \/ Yoast SEO plugin. -->","yoast_head_json":{"title":"\u00dcber uns - Clausius","robots":{"index":"index","follow":"follow","max-snippet":"max-snippet:-1","max-image-preview":"max-image-preview:large","max-video-preview":"max-video-preview:-1"},"canonical":"https:\/\/www.clausius.es\/de\/uber-clausius\/","og_locale":"de_DE","og_type":"article","og_title":"\u00dcber uns - Clausius","og_url":"https:\/\/www.clausius.es\/de\/uber-clausius\/","og_site_name":"Clausius","article_modified_time":"2019-07-31T09:38:31+00:00","twitter_card":"summary_large_image","twitter_misc":{"Gesch\u00e4tzte Lesezeit":"5\u00a0Minuten"},"schema":{"@context":"https:\/\/schema.org","@graph":[{"@type":"WebPage","@id":"https:\/\/www.clausius.es\/de\/uber-clausius\/","url":"https:\/\/www.clausius.es\/de\/uber-clausius\/","name":"\u00dcber uns - Clausius","isPartOf":{"@id":"https:\/\/www.clausius.es\/#website"},"datePublished":"2019-07-31T08:52:08+00:00","dateModified":"2019-07-31T09:38:31+00:00","breadcrumb":{"@id":"https:\/\/www.clausius.es\/de\/uber-clausius\/#breadcrumb"},"inLanguage":"de","potentialAction":[{"@type":"ReadAction","target":["https:\/\/www.clausius.es\/de\/uber-clausius\/"]}]},{"@type":"BreadcrumbList","@id":"https:\/\/www.clausius.es\/de\/uber-clausius\/#breadcrumb","itemListElement":[{"@type":"ListItem","position":1,"name":"Portada","item":"https:\/\/www.clausius.es\/de\/titelseite\/"},{"@type":"ListItem","position":2,"name":"\u00dcber uns"}]},{"@type":"WebSite","@id":"https:\/\/www.clausius.es\/#website","url":"https:\/\/www.clausius.es\/","name":"Clausius","description":"","potentialAction":[{"@type":"SearchAction","target":{"@type":"EntryPoint","urlTemplate":"https:\/\/www.clausius.es\/?s={search_term_string}"},"query-input":{"@type":"PropertyValueSpecification","valueRequired":true,"valueName":"search_term_string"}}],"inLanguage":"de"}]}},"_links":{"self":[{"href":"https:\/\/www.clausius.es\/de\/wp-json\/wp\/v2\/pages\/3235","targetHints":{"allow":["GET"]}}],"collection":[{"href":"https:\/\/www.clausius.es\/de\/wp-json\/wp\/v2\/pages"}],"about":[{"href":"https:\/\/www.clausius.es\/de\/wp-json\/wp\/v2\/types\/page"}],"author":[{"embeddable":true,"href":"https:\/\/www.clausius.es\/de\/wp-json\/wp\/v2\/users\/3"}],"replies":[{"embeddable":true,"href":"https:\/\/www.clausius.es\/de\/wp-json\/wp\/v2\/comments?post=3235"}],"version-history":[{"count":4,"href":"https:\/\/www.clausius.es\/de\/wp-json\/wp\/v2\/pages\/3235\/revisions"}],"predecessor-version":[{"id":9674,"href":"https:\/\/www.clausius.es\/de\/wp-json\/wp\/v2\/pages\/3235\/revisions\/9674"}],"wp:attachment":[{"href":"https:\/\/www.clausius.es\/de\/wp-json\/wp\/v2\/media?parent=3235"}],"curies":[{"name":"wp","href":"https:\/\/api.w.org\/{rel}","templated":true}]}}