{"id":2885,"date":"2019-04-29T16:26:13","date_gmt":"2019-04-29T16:26:13","guid":{"rendered":"https:\/\/www.clausius.es\/?page_id=2885"},"modified":"2019-04-29T16:28:17","modified_gmt":"2019-04-29T16:28:17","slug":"politica-de-cookies","status":"publish","type":"page","link":"https:\/\/www.clausius.es\/en\/politica-de-cookies\/","title":{"rendered":"Pol\u00edtica de cookies"},"content":{"rendered":"<section  class='av_textblock_section av-jv2ktz1a-937bf40756ee87ddd94aa4c257638420 '  itemscope=\"itemscope\" itemtype=\"https:\/\/schema.org\/CreativeWork\" ><div class='avia_textblock '  itemprop=\"text\" ><h1 style=\"text-align: left;\"><span style=\"font-weight: 300;\">POL\u00cdTICA DE COOKIES<\/span><\/h1>\n<p><span style=\"font-weight: 400;\">De conformidad con la normativa espa\u00f1ola que regula el uso de cookies en relaci\u00f3n a la prestaci\u00f3n de servicios de la sociedad de la informaci\u00f3n, recogida en el apartado segundo del art\u00edculo 22 de la Ley 34\/2002, de 11 de julio, de servicios de la sociedad de la informaci\u00f3n y de comercio electr\u00f3nico, tras su modificaci\u00f3n por \u00a0el Real Decreto Ley 13\/2012 del 30 de marzo, le informamos sobre las cookies utilizadas en el sitio web <\/span><span style=\"font-weight: 400;\">www.clausius.es <\/span><span style=\"font-weight: 400;\">\u00a0y el motivo de su uso. Asimismo, le informamos que de conformidad con la ley (i) el USUARIO da su consentimiento para poder utilizarlas si modifica la configuraci\u00f3n de su navegador deshabilitando las restricciones que impiden la entrada de cookies y (ii) que el referido consentimiento no ser\u00e1 preciso para la instalaci\u00f3n de aquellas cookies que sean estrictamente necesarias para la prestaci\u00f3n de un servicio expresamente solicitado por el USUARIO<\/span><\/p>\n<h2><span style=\"font-weight: 400;\">\u00bfQUE SON LAS COOKIES?<\/span><\/h2>\n<p><span style=\"font-weight: 400;\">Las cookies son peque\u00f1os archivos de texto que se instalan en el navegador del ordenador del USUARIO para registrar su actividad enviando una identificaci\u00f3n an\u00f3nima \u00a0que se almacena en el mismo, con la finalidad de que la navegaci\u00f3n sea m\u00e1s sencilla, permitiendo por ejemplo, el acceso a los USUARIOS que se hayan registrado previamente, el acceso a las \u00e1reas, servicios o promociones reservados exclusivamente a ellos sin tener que registrarse en cada visita. Se pueden utilizar tambi\u00e9n para medir la audiencia, par\u00e1metros del tr\u00e1fico y navegaci\u00f3n, tiempo de sesi\u00f3n, y\/o controlar el progreso y n\u00famero de entradas. Las cookies se asocian \u00fanicamente a un usuario an\u00f3nimo y su ordenador o dispositivo y no proporcionan referencias que permitan conocer sus datos personales.<\/span><\/p>\n<h2><span style=\"font-weight: 400;\">TIPOS DE COOKIES<\/span><\/h2>\n<p><span style=\"font-weight: 400;\">1.- Cookies propias: Son aqu\u00e9llas que se env\u00edan al equipo terminal del usuario desde un equipo o dominio gestionado por el propio editor y desde el que se presta el servicio Solicitado por el usuario.<\/span><\/p>\n<p><span style=\"font-weight: 400;\">2.- Cookies de terceros: Son aqu\u00e9llas que se env\u00edan al equipo terminal del usuario desde un equipo o dominio que no es gestionado por el editor, sino por otra entidad que trata los datos obtenidos trav\u00e9s de las cookies.<\/span><\/p>\n<p><span style=\"font-weight: 400;\">3.- Cookies de sesi\u00f3n: Son un tipo de cookies dise\u00f1adas para recabar y almacenar datos mientras el usuario accede a una p\u00e1gina web.<\/span><\/p>\n<p><span style=\"font-weight: 400;\">4.- Cookies persistentes: Son un tipo de cookies en el que los datos siguen almacenados en el terminal y pueden ser accedidos y tratados durante un periodo definido por el responsable de la cookie, y que puede ir de unos minutos a varios a\u00f1os.<\/span><\/p>\n<p><span style=\"font-weight: 400;\">5.-Cookies t\u00e9cnicas: aquellas que permiten al usuario la navegaci\u00f3n a trav\u00e9s de una p\u00e1gina web y la utilizaci\u00f3n de las diferentes opciones o servicios \u00a0que en ella existan como, por ejemplo, controlar el tr\u00e1fico y la comunicaci\u00f3n de datos, identificar la sesi\u00f3n, acceder a partes de acceso restringido, recordar los elementos que integran un pedido, almacenar contenidos para la difusi\u00f3n de videos o sonido o compartir contenidos a trav\u00e9s de redes sociales.<\/span><\/p>\n<p><span style=\"font-weight: 400;\">6.- Cookies de personalizaci\u00f3n: aquellas que permiten al usuario acceder al servicio con algunas caracter\u00edsticas de car\u00e1cter general predefinidas en funci\u00f3n de una serie de criterios en el terminal del usuario \u00a0como por ejemplo el idioma, el tipo de navegador a trav\u00e9s del cual accede al servicio, etc<\/span><\/p>\n<p><span style=\"font-weight: 400;\">7.- Cookies de an\u00e1lisis: Son aqu\u00e9llas que bien tratadas por nosotros o por terceros, nos permiten cuantificar el n\u00famero de usuarios y as\u00ed realizar la medici\u00f3n y an\u00e1lisis estad\u00edstico de la utilizaci\u00f3n que hacen los usuarios del servicio ofertado. Para ello se analiza su navegaci\u00f3n en nuestra p\u00e1gina web con el fin de mejorar la oferta de productos o servicios que le ofrecemos.<\/span><\/p>\n<p><span style=\"font-weight: 400;\">8.- Cookies publicitarias: Son aqu\u00e9llas que permiten la gesti\u00f3n, de la forma m\u00e1s eficaz posible, de los espacios publicitarios que, en su caso, el editor haya incluido en una p\u00e1gina web, aplicaci\u00f3n o plataforma desde la que presta el servicio solicitado en base a criterios como el contenido editado o la frecuencia en la que se muestran los anuncios.<\/span><\/p>\n<p><span style=\"font-weight: 400;\">9.- Cookies de publicidad comportamental: Son aqu\u00e9llas que permiten la gesti\u00f3n, de la forma m\u00e1s eficaz posible, de los espacios publicitarios que, en su caso, el editor haya incluido en una p\u00e1gina web, aplicaci\u00f3n o plataforma desde la que presta el servicio solicitado. Estas cookies almacenan informaci\u00f3n del comportamiento de los usuarios obtenida a trav\u00e9s de la observaci\u00f3n continuada de sus h\u00e1bitos de navegaci\u00f3n, lo que permite desarrollar un perfil espec\u00edfico para mostrar publicidad en funci\u00f3n del mismo.<\/span><\/p>\n<h2><span style=\"font-weight: 400;\">TIPOS DE COOKIES UTILIZADAS POR ESTE SITIO WEB<\/span><\/h2>\n<p><span style=\"font-weight: 400;\">Las cookies utilizadas en nuestro sitio web, son de sesi\u00f3n y de terceros, y nos permiten almacenar y acceder a informaci\u00f3n relativa al idioma, el tipo de navegador utilizado, y otras caracter\u00edsticas generales predefinidas por el usuario, as\u00ed como, seguir y analizar la actividad que lleva a cabo, con el objeto de introducir mejoras y prestar nuestros servicios de una manera m\u00e1s eficiente y personalizada CLAUSIUS no utiliza cookies publicitarias o de publicidad comportamental.<\/span><\/p>\n<p><span style=\"font-weight: 400;\">La utilizaci\u00f3n de las cookies ofrece ventajas en la prestaci\u00f3n de servicios, puesto que, facilita al usuario la navegaci\u00f3n y el acceso a los diferentes servicios que ofrece este sitio web; evita al usuario tener que configurar las caracter\u00edsticas generales predefinidas cada vez que accede al sitio web; favorece la mejora del funcionamiento y de los servicios prestados a trav\u00e9s de este sitio web, tras el correspondiente an\u00e1lisis de la informaci\u00f3n obtenida a trav\u00e9s de las cookies instaladas.<\/span><\/p>\n<table>\n<tbody>\n<tr>\n<td><b>Cookie<\/b><\/td>\n<td><b>Nombre<\/b><\/td>\n<td><b>Tipo<\/b><\/td>\n<td><b>Finalidad<\/b><\/td>\n<td><b>Duraci\u00f3n<\/b><\/td>\n<td><b>M\u00e1s informaci\u00f3n<\/b><\/td>\n<\/tr>\n<tr>\n<td rowspan=\"6\"><span style=\"font-weight: 400;\">clausius.es<\/span><\/td>\n<td><span style=\"font-weight: 400;\">__utma<\/span><\/td>\n<td rowspan=\"6\"><span style=\"font-weight: 400;\">De terceros, pertenecen a Google Analytics<\/span><\/td>\n<td><span style=\"font-weight: 400;\">Se usa para distinguir usuarios y sesiones<\/span><\/td>\n<td><span style=\"font-weight: 400;\">2 a\u00f1os<\/span><\/td>\n<td rowspan=\"6\"><a href=\"https:\/\/developers.google.com\/analytics\/devguides\/collection\/analyticsjs\/cookie-usage?hl=es\"><span style=\"font-weight: 400;\">https:\/\/developers.google.com\/analytics\/devguides\/collection\/analyticsjs\/cookie-usage?hl=es<\/span><\/a><\/td>\n<\/tr>\n<tr>\n<td><span style=\"font-weight: 400;\">__utmb<\/span><\/td>\n<td rowspan=\"2\"><span style=\"font-weight: 400;\">Estas cookies se \u00a0utilizan juntas para determinar nuevas sesiones o visitas, la actividad de la visita a nuestro sitio web y principalmente la duraci\u00f3n<\/span><\/td>\n<td><span style=\"font-weight: 400;\">30 minutos<\/span><\/td>\n<\/tr>\n<tr>\n<td><span style=\"font-weight: 400;\">__utmc<\/span><\/td>\n<td><span style=\"font-weight: 400;\">Al finalizar la sesi\u00f3n<\/span><\/td>\n<\/tr>\n<tr>\n<td><span style=\"font-weight: 400;\">__utmt<\/span><\/td>\n<td><span style=\"font-weight: 400;\">Se utiliza para procesar el tipo de solicitud requerida por el visitante<\/span><\/td>\n<td><span style=\"font-weight: 400;\">10 minutos<\/span><\/td>\n<\/tr>\n<tr>\n<td><span style=\"font-weight: 400;\">__utmv<\/span><\/td>\n<td><span style=\"font-weight: 400;\">Se utiliza para guardar informaci\u00f3n relacionada con el visitante<\/span><\/td>\n<td><span style=\"font-weight: 400;\">Al finalizar la sesi\u00f3n<\/span><\/td>\n<\/tr>\n<tr>\n<td><span style=\"font-weight: 400;\">__utmz<\/span><\/td>\n<td><span style=\"font-weight: 400;\">Registra la trazabilidad del origen del visitante, como ha llegado el usuario a nuestro sitio web, ya sea directamente introduciendo la direcci\u00f3n del dominio, un enlace, una b\u00fasqueda web o un anuncio<\/span><\/td>\n<td><span style=\"font-weight: 400;\">6 meses<\/span><\/td>\n<\/tr>\n<\/tbody>\n<\/table>\n<p><b>NOTA:<\/b><span style=\"font-weight: 400;\"> En alguna p\u00e1gina de este sitio web se muestra contenido embebido o invocado a trav\u00e9s del cual se pueden estar instalando cookies de terceros. Aunque la p\u00e1gina es revisada cada cierto tiempo puede ser que el listado de cookies no est\u00e9 actualizado. Si desea hacer alguna pregunta sobre las cookies que se instalan a trav\u00e9s de este sitio web, contacte con nosotros<\/span><\/p>\n<h2><span style=\"font-weight: 400;\">ACEPTACI\u00d3N DE LA POL\u00cdTICA DE COOKIES<\/span><\/h2>\n<p><span style=\"font-weight: 400;\">CLAUSIUS asume que usted acepta el uso de cookies. No obstante, muestra informaci\u00f3n sobre su Pol\u00edtica de cookies en la parte \u00a0inferior o superior de cualquier p\u00e1gina del portal con cada inicio de sesi\u00f3n con el objeto de que usted sea consciente. <\/span><\/p>\n<p><span style=\"font-weight: 400;\">Ante esta informaci\u00f3n es posible llevar a cabo las siguientes acciones: <\/span><\/p>\n<ul>\n<li><span style=\"font-weight: 400;\"> Aceptar cookies. No se volver\u00e1 a visualizar este aviso al acceder a cualquier p\u00e1gina del portal durante la presente sesi\u00f3n. <\/span><\/li>\n<li><span style=\"font-weight: 400;\"> Cerrar. Se oculta el aviso en la presente p\u00e1gina. <\/span><\/li>\n<li><span style=\"font-weight: 400;\"> Modificar su configuraci\u00f3n. <\/span><\/li>\n<\/ul>\n<p><span style=\"font-weight: 400;\">Podr\u00e1 obtener m\u00e1s informaci\u00f3n sobre qu\u00e9 son las cookies, conocer la Pol\u00edtica de cookies de www.clausius.es y modificar la configuraci\u00f3n de su navegador&#8221;.<\/span><\/p>\n<h2><span style=\"font-weight: 400;\">DESHABILITACI\u00d3N \u00a0DE LAS COOKIES<\/span><\/h2>\n<p><span style=\"font-weight: 400;\">Como usuario en todo momento podr\u00e1 acceder a la configuraci\u00f3n de su navegador aceptando o rechazando todas las cookies, o bien seleccionar aqu\u00e9llas cuya instalaci\u00f3n admite y cu\u00e1les no, siguiendo uno de los siguientes procedimientos, que depende del navegador que utilice:<\/span><\/p>\n<p><span style=\"font-weight: 400;\">Dado que cada navegador utiliza una manera \u00a0diferente, la funci\u00f3n ayuda de su navegador le indicar\u00e1 c\u00f3mo hacerlo<\/span><\/p>\n<ul>\n<li><span style=\"font-weight: 400;\"> InternetExplorer: <\/span><a href=\"http:\/\/windows.microsoft.com\/es-xl\/internet-explorer\/delete-manage-cookies#ie='ie-10'\"><span style=\"font-weight: 400;\">windows.microsoft.com\/es-xl\/internet-explorer\/delete-manage-cookies#ie=\u201die-10\u2033<\/span><\/a><\/li>\n<li><span style=\"font-weight: 400;\"> FireFox: <\/span><a href=\"http:\/\/support.mozilla.org\/es\/kb\/Borrar%20cookies\"><span style=\"font-weight: 400;\">support.mozilla.org\/es\/kb\/Borrar%20cookies<\/span><\/a><\/li>\n<li><span style=\"font-weight: 400;\"> Chrome: <\/span><a href=\"http:\/\/support.google.com\/chrome\/answer\/95647?hl=\"><span style=\"font-weight: 400;\">support.google.com\/chrome\/answer\/95647?hl=\u201des\u201d<\/span><\/a><\/li>\n<li><span style=\"font-weight: 400;\"> Safari: <\/span><a href=\"http:\/\/www.apple.com\/es\/privacy\/use-of-cookies\/\"><span style=\"font-weight: 400;\">www.apple.com\/es\/privacy\/use-of-cookies\/<\/span><\/a><\/li>\n<\/ul>\n<p><span style=\"font-weight: 400;\">Todos los navegadores permiten cambiar la configuraci\u00f3n de Cookies. Estos ajustes normalmente se encuentran en las \u2018opciones\u2019 o \u2018Preferencias\u2019 del men\u00fa de su navegador.<\/span><\/p>\n<p><span style=\"font-weight: 400;\">A continuaci\u00f3n se ofrece informaci\u00f3n sobre los pasos para acceder al men\u00fa de configuraci\u00f3n de las cookies y, en su caso, de la navegaci\u00f3n privada en cada uno de los navegadores principales:<\/span><\/p>\n<p style=\"padding-left: 30px;\"><b>Internet Explorer<\/b><span style=\"font-weight: 400;\">: Herramientas -&gt; Opciones de Internet -&gt; Privacidad -&gt; Configuraci\u00f3n.<\/span><\/p>\n<p style=\"padding-left: 30px;\"><span style=\"font-weight: 400;\">Para m\u00e1s informaci\u00f3n, puede consultar el <\/span><a href=\"http:\/\/windows.microsoft.com\/es-ES\/windows\/support#top-solutions=windows-7\"><span style=\"font-weight: 400;\">soporte de Microsoft<\/span><\/a><span style=\"font-weight: 400;\"> \u00a0o la Ayuda del navegador.<\/span><\/p>\n<p style=\"padding-left: 30px;\"><b>Firefox: <\/b><span style=\"font-weight: 400;\">Herramientas -&gt; Opciones -&gt; Privacidad -&gt; Historial -&gt; Configuraci\u00f3n Personalizada.<\/span><\/p>\n<p style=\"padding-left: 30px;\"><span style=\"font-weight: 400;\">Para m\u00e1s informaci\u00f3n, puede consultar el <\/span><a href=\"http:\/\/support.mozilla.org\/es\/home\"><span style=\"font-weight: 400;\">soporte de Mozilla<\/span><\/a><span style=\"font-weight: 400;\"> \u00a0o la Ayuda del navegador.<\/span><\/p>\n<p style=\"padding-left: 30px;\"><b>Chrome: <\/b><span style=\"font-weight: 400;\">Configuraci\u00f3n -&gt; Mostrar opciones avanzadas -&gt; Privacidad -&gt; Configuraci\u00f3n de contenido.<\/span><\/p>\n<p style=\"padding-left: 30px;\"><span style=\"font-weight: 400;\">Para m\u00e1s informaci\u00f3n, puede consultar el <\/span><a href=\"https:\/\/support.google.com\/chrome\/?hl=es#topic=3227046\"><span style=\"font-weight: 400;\">soporte de Google<\/span><\/a><span style=\"font-weight: 400;\"> \u00a0o la Ayuda del navegador.<\/span><\/p>\n<p style=\"padding-left: 30px;\"><b>Safari:<\/b><span style=\"font-weight: 400;\">Preferencias-&gt;Seguridad.<\/span><\/p>\n<p style=\"padding-left: 30px;\"><span style=\"font-weight: 400;\">Para m\u00e1s informaci\u00f3n, puede consultar el <\/span><a href=\"http:\/\/www.apple.com\/es\/support\/mac-apps\/safari\/\"><span style=\"font-weight: 400;\">soporte de Apple<\/span><\/a><span style=\"font-weight: 400;\"> \u00a0o la Ayuda del navegador.<\/span><\/p>\n<p><span style=\"font-weight: 400;\">Para cualquier consulta puede ponerse en contacto con nosotros en la siguiente direcci\u00f3n de correo: info@clausius.es<\/span><\/p>\n<\/div><\/section>\n","protected":false},"excerpt":{"rendered":"","protected":false},"author":1,"featured_media":0,"parent":0,"menu_order":0,"comment_status":"closed","ping_status":"closed","template":"","meta":{"footnotes":""},"class_list":["post-2885","page","type-page","status-publish","hentry"],"yoast_head":"<!-- This site is optimized with the Yoast SEO plugin v27.3 - https:\/\/yoast.com\/product\/yoast-seo-wordpress\/ -->\n<title>Pol\u00edtica de cookies - Clausius<\/title>\n<meta name=\"robots\" content=\"index, follow, max-snippet:-1, max-image-preview:large, max-video-preview:-1\" \/>\n<link rel=\"canonical\" href=\"https:\/\/www.clausius.es\/politica-de-cookies\/\" \/>\n<meta property=\"og:locale\" content=\"en_US\" \/>\n<meta property=\"og:type\" content=\"article\" \/>\n<meta property=\"og:title\" content=\"Pol\u00edtica de cookies - Clausius\" \/>\n<meta property=\"og:url\" content=\"https:\/\/www.clausius.es\/politica-de-cookies\/\" \/>\n<meta property=\"og:site_name\" content=\"Clausius\" \/>\n<meta property=\"article:modified_time\" content=\"2019-04-29T16:28:17+00:00\" \/>\n<meta name=\"twitter:card\" content=\"summary_large_image\" \/>\n<meta name=\"twitter:label1\" content=\"Est. reading time\" \/>\n\t<meta name=\"twitter:data1\" content=\"8 minutes\" \/>\n<script type=\"application\/ld+json\" class=\"yoast-schema-graph\">{\"@context\":\"https:\\\/\\\/schema.org\",\"@graph\":[{\"@type\":\"WebPage\",\"@id\":\"https:\\\/\\\/www.clausius.es\\\/politica-de-cookies\\\/\",\"url\":\"https:\\\/\\\/www.clausius.es\\\/politica-de-cookies\\\/\",\"name\":\"Pol\u00edtica de cookies - Clausius\",\"isPartOf\":{\"@id\":\"https:\\\/\\\/www.clausius.es\\\/#website\"},\"datePublished\":\"2019-04-29T16:26:13+00:00\",\"dateModified\":\"2019-04-29T16:28:17+00:00\",\"breadcrumb\":{\"@id\":\"https:\\\/\\\/www.clausius.es\\\/politica-de-cookies\\\/#breadcrumb\"},\"inLanguage\":\"en-US\",\"potentialAction\":[{\"@type\":\"ReadAction\",\"target\":[\"https:\\\/\\\/www.clausius.es\\\/politica-de-cookies\\\/\"]}]},{\"@type\":\"BreadcrumbList\",\"@id\":\"https:\\\/\\\/www.clausius.es\\\/politica-de-cookies\\\/#breadcrumb\",\"itemListElement\":[{\"@type\":\"ListItem\",\"position\":1,\"name\":\"Portada\",\"item\":\"https:\\\/\\\/www.clausius.es\\\/en\\\/portada\\\/\"},{\"@type\":\"ListItem\",\"position\":2,\"name\":\"Pol\u00edtica de cookies\"}]},{\"@type\":\"WebSite\",\"@id\":\"https:\\\/\\\/www.clausius.es\\\/#website\",\"url\":\"https:\\\/\\\/www.clausius.es\\\/\",\"name\":\"Clausius\",\"description\":\"\",\"potentialAction\":[{\"@type\":\"SearchAction\",\"target\":{\"@type\":\"EntryPoint\",\"urlTemplate\":\"https:\\\/\\\/www.clausius.es\\\/?s={search_term_string}\"},\"query-input\":{\"@type\":\"PropertyValueSpecification\",\"valueRequired\":true,\"valueName\":\"search_term_string\"}}],\"inLanguage\":\"en-US\"}]}<\/script>\n<!-- \/ Yoast SEO plugin. -->","yoast_head_json":{"title":"Pol\u00edtica de cookies - Clausius","robots":{"index":"index","follow":"follow","max-snippet":"max-snippet:-1","max-image-preview":"max-image-preview:large","max-video-preview":"max-video-preview:-1"},"canonical":"https:\/\/www.clausius.es\/politica-de-cookies\/","og_locale":"en_US","og_type":"article","og_title":"Pol\u00edtica de cookies - Clausius","og_url":"https:\/\/www.clausius.es\/politica-de-cookies\/","og_site_name":"Clausius","article_modified_time":"2019-04-29T16:28:17+00:00","twitter_card":"summary_large_image","twitter_misc":{"Est. reading time":"8 minutes"},"schema":{"@context":"https:\/\/schema.org","@graph":[{"@type":"WebPage","@id":"https:\/\/www.clausius.es\/politica-de-cookies\/","url":"https:\/\/www.clausius.es\/politica-de-cookies\/","name":"Pol\u00edtica de cookies - Clausius","isPartOf":{"@id":"https:\/\/www.clausius.es\/#website"},"datePublished":"2019-04-29T16:26:13+00:00","dateModified":"2019-04-29T16:28:17+00:00","breadcrumb":{"@id":"https:\/\/www.clausius.es\/politica-de-cookies\/#breadcrumb"},"inLanguage":"en-US","potentialAction":[{"@type":"ReadAction","target":["https:\/\/www.clausius.es\/politica-de-cookies\/"]}]},{"@type":"BreadcrumbList","@id":"https:\/\/www.clausius.es\/politica-de-cookies\/#breadcrumb","itemListElement":[{"@type":"ListItem","position":1,"name":"Portada","item":"https:\/\/www.clausius.es\/en\/portada\/"},{"@type":"ListItem","position":2,"name":"Pol\u00edtica de cookies"}]},{"@type":"WebSite","@id":"https:\/\/www.clausius.es\/#website","url":"https:\/\/www.clausius.es\/","name":"Clausius","description":"","potentialAction":[{"@type":"SearchAction","target":{"@type":"EntryPoint","urlTemplate":"https:\/\/www.clausius.es\/?s={search_term_string}"},"query-input":{"@type":"PropertyValueSpecification","valueRequired":true,"valueName":"search_term_string"}}],"inLanguage":"en-US"}]}},"_links":{"self":[{"href":"https:\/\/www.clausius.es\/en\/wp-json\/wp\/v2\/pages\/2885","targetHints":{"allow":["GET"]}}],"collection":[{"href":"https:\/\/www.clausius.es\/en\/wp-json\/wp\/v2\/pages"}],"about":[{"href":"https:\/\/www.clausius.es\/en\/wp-json\/wp\/v2\/types\/page"}],"author":[{"embeddable":true,"href":"https:\/\/www.clausius.es\/en\/wp-json\/wp\/v2\/users\/1"}],"replies":[{"embeddable":true,"href":"https:\/\/www.clausius.es\/en\/wp-json\/wp\/v2\/comments?post=2885"}],"version-history":[{"count":3,"href":"https:\/\/www.clausius.es\/en\/wp-json\/wp\/v2\/pages\/2885\/revisions"}],"predecessor-version":[{"id":10073,"href":"https:\/\/www.clausius.es\/en\/wp-json\/wp\/v2\/pages\/2885\/revisions\/10073"}],"wp:attachment":[{"href":"https:\/\/www.clausius.es\/en\/wp-json\/wp\/v2\/media?parent=2885"}],"curies":[{"name":"wp","href":"https:\/\/api.w.org\/{rel}","templated":true}]}}