{"id":12833,"date":"2026-03-31T10:58:06","date_gmt":"2026-03-31T10:58:06","guid":{"rendered":"https:\/\/www.clausius.es\/?page_id=12833"},"modified":"2026-04-01T08:32:25","modified_gmt":"2026-04-01T08:32:25","slug":"clausius-bombas-de-calor","status":"publish","type":"page","link":"https:\/\/www.clausius.es\/nl\/clausius-bombas-de-calor\/","title":{"rendered":"Clausius, bombas de calor"},"content":{"rendered":"\n<style type=\"text\/css\" data-created_by=\"avia_inline_auto\" id=\"style-css-av-u9yy-d2d64f658ce5399213892a02bdda81a6\">\n.avia-section.av-u9yy-d2d64f658ce5399213892a02bdda81a6{\nbackground-color:#ef000e;\n}\n<\/style>\n<div id='av_section_1'  class='avia-section av-u9yy-d2d64f658ce5399213892a02bdda81a6 main_color avia-section-default avia-no-border-styling  avia-builder-el-0  el_before_av_one_full  avia-builder-el-first  avia-bg-style-scroll  container_wrap sidebar_right'  ><div class='container av-section-cont-open' ><main  role=\"main\" itemprop=\"mainContentOfPage\"  class='template-page content  av-content-small alpha units'><div class='post-entry post-entry-type-page post-entry-12833'><div class='entry-content-wrapper clearfix'>\n<div class='flex_column_table av-x36f-249e233028ebf38e1c323f9d6b4c8336 sc-av_four_fifth av-equal-height-column-flextable'>\n<style type=\"text\/css\" data-created_by=\"avia_inline_auto\" id=\"style-css-av-x36f-249e233028ebf38e1c323f9d6b4c8336\">\n.flex_column.av-x36f-249e233028ebf38e1c323f9d6b4c8336{\nborder-radius:0px 0px 0px 0px;\n-webkit-border-radius:0px 0px 0px 0px;\n-moz-border-radius:0px 0px 0px 0px;\n}\n<\/style>\n<div class='flex_column av-x36f-249e233028ebf38e1c323f9d6b4c8336 av_four_fifth  avia-builder-el-1  el_before_av_one_fifth  avia-builder-el-first  first flex_column_table_cell av-equal-height-column av-align-middle  av-animated-generic left-to-right av-zero-column-padding '   ><style type=\"text\/css\" data-created_by=\"avia_inline_auto\" id=\"style-css-av-jnn1h8xl-5c6e11eabb8e965077c7e47e55089d0f\">\n.av_textblock_section.av-jnn1h8xl-5c6e11eabb8e965077c7e47e55089d0f .avia_textblock{\ncolor:#ffffff;\n}\n<\/style>\n<section  class='av_textblock_section av-jnn1h8xl-5c6e11eabb8e965077c7e47e55089d0f '  itemscope=\"itemscope\" itemtype=\"https:\/\/schema.org\/CreativeWork\" ><div class='avia_textblock av_inherit_color '  itemprop=\"text\" ><h1>CLAUSIUS<\/h1>\n<\/div><\/section><br \/>\n\n<style type=\"text\/css\" data-created_by=\"avia_inline_auto\" id=\"style-css-av-jnvjg5sc-eda97ce87a16de9e904d98fe9f90ff99\">\n.av_textblock_section.av-jnvjg5sc-eda97ce87a16de9e904d98fe9f90ff99 .avia_textblock{\ncolor:#ffffff;\n}\n<\/style>\n<section  class='av_textblock_section av-jnvjg5sc-eda97ce87a16de9e904d98fe9f90ff99 '  itemscope=\"itemscope\" itemtype=\"https:\/\/schema.org\/CreativeWork\" ><div class='avia_textblock av_inherit_color  av-small-font-size-overwrite av-small-font-size-14'  itemprop=\"text\" ><h2>Nieuwe generatie geothermische warmtepompen<\/h2>\n<\/div><\/section><\/p><\/div><div class='av-flex-placeholder'><\/div>\n<style type=\"text\/css\" data-created_by=\"avia_inline_auto\" id=\"style-css-av-jo6yn7ma-5238ae792c84157730115d47f139cb77\">\n.flex_column.av-jo6yn7ma-5238ae792c84157730115d47f139cb77{\nborder-radius:0px 0px 0px 0px;\n-webkit-border-radius:0px 0px 0px 0px;\n-moz-border-radius:0px 0px 0px 0px;\n}\n<\/style>\n<div class='flex_column av-jo6yn7ma-5238ae792c84157730115d47f139cb77 av_one_fifth  avia-builder-el-4  el_after_av_four_fifth  avia-builder-el-last  flex_column_table_cell av-equal-height-column av-align-middle av-hide-on-mobile av-zero-column-padding '   ><style type=\"text\/css\" data-created_by=\"avia_inline_auto\" id=\"style-css-av-jo6yn0gm-aad59e7c373463cbe04b292f2aac9e40\">\n.avia-image-container.av-jo6yn0gm-aad59e7c373463cbe04b292f2aac9e40 .av-image-caption-overlay-center{\ncolor:#ffffff;\n}\n<\/style>\n<div  class='avia-image-container av-jo6yn0gm-aad59e7c373463cbe04b292f2aac9e40 av-styling- avia_animated_image avia_animate_when_almost_visible right-to-left avia-align-center  avia-builder-el-5  avia-builder-el-no-sibling  '  itemprop=\"image\" itemscope=\"itemscope\" itemtype=\"https:\/\/schema.org\/ImageObject\" ><div class=\"avia-image-container-inner\"><div class=\"avia-image-overlay-wrap\"><img decoding=\"async\" class='wp-image-3474 avia-img-lazy-loading-not-3474 avia_image' src=\"https:\/\/www.clausius.es\/wp-content\/uploads\/2018\/11\/edificio_icono_cuadrado.png\" alt='' title=''  height=\"200\" width=\"200\"  itemprop=\"thumbnailUrl\" srcset=\"https:\/\/www.clausius.es\/wp-content\/uploads\/2018\/11\/edificio_icono_cuadrado.png 200w, https:\/\/www.clausius.es\/wp-content\/uploads\/2018\/11\/edificio_icono_cuadrado-80x80.png 80w, https:\/\/www.clausius.es\/wp-content\/uploads\/2018\/11\/edificio_icono_cuadrado-36x36.png 36w, https:\/\/www.clausius.es\/wp-content\/uploads\/2018\/11\/edificio_icono_cuadrado-180x180.png 180w, https:\/\/www.clausius.es\/wp-content\/uploads\/2018\/11\/edificio_icono_cuadrado-120x120.png 120w\" sizes=\"(max-width: 200px) 100vw, 200px\" \/><\/div><\/div><\/div><\/div><\/div><!--close column table wrapper. Autoclose: 1 --><\/div><\/div><\/main><!-- close content main element --><\/div><\/div><div id='after_section_1'  class='main_color av_default_container_wrap container_wrap sidebar_right'  ><div class='container av-section-cont-open' ><div class='template-page content  av-content-small alpha units'><div class='post-entry post-entry-type-page post-entry-12833'><div class='entry-content-wrapper clearfix'>\n<style type=\"text\/css\" data-created_by=\"avia_inline_auto\" id=\"style-css-av-ce3jlj-0bbc3f73ee7ef5b0d25680caf06accb6\">\n.flex_column.av-ce3jlj-0bbc3f73ee7ef5b0d25680caf06accb6{\nborder-radius:0px 0px 0px 0px;\n-webkit-border-radius:0px 0px 0px 0px;\n-moz-border-radius:0px 0px 0px 0px;\n}\n<\/style>\n<div class='flex_column av-ce3jlj-0bbc3f73ee7ef5b0d25680caf06accb6 av_one_full  avia-builder-el-6  el_after_av_section  el_before_av_one_full  avia-builder-el-first  first flex_column_div av-zero-column-padding '   ><section  class='av_textblock_section av-kppe3jkt-6caea8065e162089f16f243cf4799569 '  itemscope=\"itemscope\" itemtype=\"https:\/\/schema.org\/CreativeWork\" ><div class='avia_textblock '  itemprop=\"text\" ><p>CLAUSIUS is een nieuwe generatie geothermische warmtepompen die het resultaat is van jarenlang serieus en grondig onderzoek aan de Universiteit van Vigo.<\/p>\n<p>Bij CLAUSIUS ontwerpen en ontwikkelen we uitsluitend geothermische warmtepompen, waardoor we een hoge mate van specialisatie in dit soort apparatuur hebben bereikt. In de afgelopen jaren zijn we erin geslaagd om van CLAUSIUS een synoniem te maken voor voortdurende innovatie en de integratie van de nieuwste technologie in geothermische warmtepompen. We werken dag in dag uit met als enige doel de meest betrouwbare en effici\u00ebnte warmtepompen op de markt te ontwikkelen.<\/p>\n<p>Bij CLAUSIUS is de betrouwbaarheid van onze warmtepompen onze obsessie en we zijn ons ervan bewust dat dit alleen mogelijk is door gebruik te maken van de beste beschikbare componenten en, bovenal, door al onze warmtepompen \u00e9\u00e9n voor \u00e9\u00e9n zelf te testen op een testbank in het laboratorium, voordat we ze naar een klant verzenden. Alleen door elke warmtepomp \u00e9\u00e9n voor \u00e9\u00e9n te testen, kunnen we de betrouwbaarheid ervan garanderen zodra deze is ge\u00efnstalleerd.<\/p>\n<p>Bij CLAUSIUS controleren we het brein&#8230; een andere les die we na al die jaren uit ervaring hebben geleerd, is dat het besturingssysteem van een warmtepomp echt het verschil maakt. Daarom ontwikkelen en verbeteren we dagelijks de besturingssoftware van onze warmtepompen, rekening houdend met de meningen en eisen van onze klanten.<\/p>\n<p>Bij CLAUSIUS vinden we het niet erg als ze ons volgen\u2026 dat betekent namelijk dat we voorop lopen\u2026<\/p>\n<\/div><\/section><\/div>\n<style type=\"text\/css\" data-created_by=\"avia_inline_auto\" id=\"style-css-av-bhmzp3-552c287822270dcf51f5ed0f6a0fa536\">\n.flex_column.av-bhmzp3-552c287822270dcf51f5ed0f6a0fa536{\nborder-radius:0px 0px 0px 0px;\n-webkit-border-radius:0px 0px 0px 0px;\n-moz-border-radius:0px 0px 0px 0px;\npadding:0px 0px 20px 0px;\n}\n<\/style>\n<div class='flex_column av-bhmzp3-552c287822270dcf51f5ed0f6a0fa536 av_one_full  avia-builder-el-8  el_after_av_one_full  el_before_av_one_fifth  first flex_column_div column-top-margin'   ><style type=\"text\/css\" data-created_by=\"avia_inline_auto\" id=\"style-css-av-kppeconk-714394870a7f20873ecb13b6907774ad\">\n.avia-image-container.av-kppeconk-714394870a7f20873ecb13b6907774ad .av-image-caption-overlay-center{\ncolor:#ffffff;\n}\n<\/style>\n<div  class='avia-image-container av-kppeconk-714394870a7f20873ecb13b6907774ad av-styling- avia-align-center  avia-builder-el-9  avia-builder-el-no-sibling  '  itemprop=\"image\" itemscope=\"itemscope\" itemtype=\"https:\/\/schema.org\/ImageObject\" ><div class=\"avia-image-container-inner\"><div class=\"avia-image-overlay-wrap\"><img decoding=\"async\" class='wp-image-4112 avia-img-lazy-loading-not-4112 avia_image' src=\"https:\/\/www.clausius.es\/wp-content\/uploads\/2021\/06\/logouvigo-300x45.png\" alt='' title='logouvigo'  height=\"45\" width=\"300\"  itemprop=\"thumbnailUrl\" srcset=\"https:\/\/www.clausius.es\/wp-content\/uploads\/2021\/06\/logouvigo-300x45.png 300w, https:\/\/www.clausius.es\/wp-content\/uploads\/2021\/06\/logouvigo-768x114.png 768w, https:\/\/www.clausius.es\/wp-content\/uploads\/2021\/06\/logouvigo-705x105.png 705w, https:\/\/www.clausius.es\/wp-content\/uploads\/2021\/06\/logouvigo-450x67.png 450w, https:\/\/www.clausius.es\/wp-content\/uploads\/2021\/06\/logouvigo.png 828w\" sizes=\"(max-width: 300px) 100vw, 300px\" \/><\/div><\/div><\/div><\/div><\/p>\n<div class='flex_column_table av-9vmq87-41c80f246ba8dcc3d075dbeff23108cc sc-av_one_fifth av-equal-height-column-flextable'>\n<style type=\"text\/css\" data-created_by=\"avia_inline_auto\" id=\"style-css-av-9vmq87-41c80f246ba8dcc3d075dbeff23108cc\">\n.flex_column.av-9vmq87-41c80f246ba8dcc3d075dbeff23108cc{\nborder-radius:0px 0px 0px 0px;\n-webkit-border-radius:0px 0px 0px 0px;\n-moz-border-radius:0px 0px 0px 0px;\n}\n<\/style>\n<div class='flex_column av-9vmq87-41c80f246ba8dcc3d075dbeff23108cc av_one_fifth  avia-builder-el-10  el_after_av_one_full  el_before_av_one_fifth  first flex_column_table_cell av-equal-height-column av-align-middle av-zero-column-padding column-top-margin'   ><style type=\"text\/css\" data-created_by=\"avia_inline_auto\" id=\"style-css-av-kppeconk-6dc73f44c08abebdc3edd616a592e97d\">\n.avia-image-container.av-kppeconk-6dc73f44c08abebdc3edd616a592e97d .av-image-caption-overlay-center{\ncolor:#ffffff;\n}\n<\/style>\n<div  class='avia-image-container av-kppeconk-6dc73f44c08abebdc3edd616a592e97d av-styling- avia-align-center  avia-builder-el-11  avia-builder-el-no-sibling  '  itemprop=\"image\" itemscope=\"itemscope\" itemtype=\"https:\/\/schema.org\/ImageObject\" ><div class=\"avia-image-container-inner\"><div class=\"avia-image-overlay-wrap\"><img decoding=\"async\" class='wp-image-427 avia-img-lazy-loading-not-427 avia_image' src=\"https:\/\/www.clausius.es\/wp-content\/uploads\/2018\/10\/austrian1-1.png\" alt='' title=''  height=\"180\" width=\"250\"  itemprop=\"thumbnailUrl\"  \/><\/div><\/div><\/div><\/div>\n<div class='av-flex-placeholder'><\/div>\n<style type=\"text\/css\" data-created_by=\"avia_inline_auto\" id=\"style-css-av-54w92v-c3d6136e082162886d7e654ca6b7a653\">\n.flex_column.av-54w92v-c3d6136e082162886d7e654ca6b7a653{\nborder-radius:0px 0px 0px 0px;\n-webkit-border-radius:0px 0px 0px 0px;\n-moz-border-radius:0px 0px 0px 0px;\n}\n<\/style>\n<div class='flex_column av-54w92v-c3d6136e082162886d7e654ca6b7a653 av_one_fifth  avia-builder-el-12  el_after_av_one_fifth  el_before_av_one_fifth  flex_column_table_cell av-equal-height-column av-align-middle av-zero-column-padding column-top-margin'   ><style type=\"text\/css\" data-created_by=\"avia_inline_auto\" id=\"style-css-av-kppeconk-ed2fd0ec3a55c8acb15abf362947a7db\">\n.avia-image-container.av-kppeconk-ed2fd0ec3a55c8acb15abf362947a7db .av-image-caption-overlay-center{\ncolor:#ffffff;\n}\n<\/style>\n<div  class='avia-image-container av-kppeconk-ed2fd0ec3a55c8acb15abf362947a7db av-styling- avia-align-center  avia-builder-el-13  avia-builder-el-no-sibling  '  itemprop=\"image\" itemscope=\"itemscope\" itemtype=\"https:\/\/schema.org\/ImageObject\" ><div class=\"avia-image-container-inner\"><div class=\"avia-image-overlay-wrap\"><img decoding=\"async\" class='wp-image-417 avia-img-lazy-loading-not-417 avia_image' src=\"https:\/\/www.clausius.es\/wp-content\/uploads\/2018\/10\/mcs1-1.png\" alt='' title=''  height=\"180\" width=\"250\"  itemprop=\"thumbnailUrl\"  \/><\/div><\/div><\/div><\/div>\n<div class='av-flex-placeholder'><\/div>\n<style type=\"text\/css\" data-created_by=\"avia_inline_auto\" id=\"style-css-av-3lhniv-537be7c98180454df4aefaa214730ea0\">\n.flex_column.av-3lhniv-537be7c98180454df4aefaa214730ea0{\nborder-radius:0px 0px 0px 0px;\n-webkit-border-radius:0px 0px 0px 0px;\n-moz-border-radius:0px 0px 0px 0px;\n}\n<\/style>\n<div class='flex_column av-3lhniv-537be7c98180454df4aefaa214730ea0 av_one_fifth  avia-builder-el-14  el_after_av_one_fifth  el_before_av_one_fifth  flex_column_table_cell av-equal-height-column av-align-middle av-zero-column-padding column-top-margin'   ><style type=\"text\/css\" data-created_by=\"avia_inline_auto\" id=\"style-css-av-kppeconk-b4586e14d1fe3bcd08d4bcc433a80e15\">\n.avia-image-container.av-kppeconk-b4586e14d1fe3bcd08d4bcc433a80e15 .av-image-caption-overlay-center{\ncolor:#ffffff;\n}\n<\/style>\n<div  class='avia-image-container av-kppeconk-b4586e14d1fe3bcd08d4bcc433a80e15 av-styling- avia-align-center  avia-builder-el-15  avia-builder-el-no-sibling  '  itemprop=\"image\" itemscope=\"itemscope\" itemtype=\"https:\/\/schema.org\/ImageObject\" ><div class=\"avia-image-container-inner\"><div class=\"avia-image-overlay-wrap\"><img decoding=\"async\" class='wp-image-429 avia-img-lazy-loading-not-429 avia_image' src=\"https:\/\/www.clausius.es\/wp-content\/uploads\/2018\/10\/bundesamt1-1.png\" alt='' title=''  height=\"180\" width=\"250\"  itemprop=\"thumbnailUrl\"  \/><\/div><\/div><\/div><\/div>\n<div class='av-flex-placeholder'><\/div>\n<style type=\"text\/css\" data-created_by=\"avia_inline_auto\" id=\"style-css-av-2lr7sn-54d3d0000469b892f473777c993ece39\">\n.flex_column.av-2lr7sn-54d3d0000469b892f473777c993ece39{\nborder-radius:0px 0px 0px 0px;\n-webkit-border-radius:0px 0px 0px 0px;\n-moz-border-radius:0px 0px 0px 0px;\n}\n<\/style>\n<div class='flex_column av-2lr7sn-54d3d0000469b892f473777c993ece39 av_one_fifth  avia-builder-el-16  el_after_av_one_fifth  el_before_av_one_fifth  flex_column_table_cell av-equal-height-column av-align-middle av-zero-column-padding column-top-margin'   ><style type=\"text\/css\" data-created_by=\"avia_inline_auto\" id=\"style-css-av-kppeconk-a8868b706a427495d86ad5da2d65aa55\">\n.avia-image-container.av-kppeconk-a8868b706a427495d86ad5da2d65aa55 .av-image-caption-overlay-center{\ncolor:#ffffff;\n}\n<\/style>\n<div  class='avia-image-container av-kppeconk-a8868b706a427495d86ad5da2d65aa55 av-styling- avia-align-center  avia-builder-el-17  avia-builder-el-no-sibling  '  itemprop=\"image\" itemscope=\"itemscope\" itemtype=\"https:\/\/schema.org\/ImageObject\" ><div class=\"avia-image-container-inner\"><div class=\"avia-image-overlay-wrap\"><img decoding=\"async\" class='wp-image-423 avia-img-lazy-loading-not-423 avia_image' src=\"https:\/\/www.clausius.es\/wp-content\/uploads\/2018\/10\/rijksdients1-1.png\" alt='' title=''  height=\"180\" width=\"250\"  itemprop=\"thumbnailUrl\"  \/><\/div><\/div><\/div><\/div>\n<div class='av-flex-placeholder'><\/div>\n<style type=\"text\/css\" data-created_by=\"avia_inline_auto\" id=\"style-css-av-2lr7sn-54d3d0000469b892f473777c993ece39\">\n.flex_column.av-2lr7sn-54d3d0000469b892f473777c993ece39{\nborder-radius:0px 0px 0px 0px;\n-webkit-border-radius:0px 0px 0px 0px;\n-moz-border-radius:0px 0px 0px 0px;\n}\n<\/style>\n<div class='flex_column av-2lr7sn-54d3d0000469b892f473777c993ece39 av_one_fifth  avia-builder-el-18  el_after_av_one_fifth  avia-builder-el-last  flex_column_table_cell av-equal-height-column av-align-middle av-zero-column-padding column-top-margin'   ><style type=\"text\/css\" data-created_by=\"avia_inline_auto\" id=\"style-css-av-kppeconk-c1632bdbec16b18828fd77932d4551e3\">\n.avia-image-container.av-kppeconk-c1632bdbec16b18828fd77932d4551e3 .av-image-caption-overlay-center{\ncolor:#ffffff;\n}\n<\/style>\n<div  class='avia-image-container av-kppeconk-c1632bdbec16b18828fd77932d4551e3 av-styling- avia-align-center  avia-builder-el-19  avia-builder-el-no-sibling  '  itemprop=\"image\" itemscope=\"itemscope\" itemtype=\"https:\/\/schema.org\/ImageObject\" ><div class=\"avia-image-container-inner\"><div class=\"avia-image-overlay-wrap\"><img decoding=\"async\" class='wp-image-431 avia-img-lazy-loading-not-431 avia_image' src=\"https:\/\/www.clausius.es\/wp-content\/uploads\/2018\/10\/ce1-1.png\" alt='' title=''  height=\"180\" width=\"250\"  itemprop=\"thumbnailUrl\"  \/><\/div><\/div><\/div><\/div><\/div><!--close column table wrapper. Autoclose: 1 -->\n","protected":false},"excerpt":{"rendered":"","protected":false},"author":4,"featured_media":0,"parent":0,"menu_order":0,"comment_status":"closed","ping_status":"closed","template":"","meta":{"footnotes":""},"class_list":["post-12833","page","type-page","status-publish","hentry"],"yoast_head":"<!-- This site is optimized with the Yoast SEO plugin v27.3 - https:\/\/yoast.com\/product\/yoast-seo-wordpress\/ -->\n<title>Clausius, bombas de calor - Clausius<\/title>\n<meta name=\"robots\" content=\"index, follow, max-snippet:-1, max-image-preview:large, max-video-preview:-1\" \/>\n<link rel=\"canonical\" href=\"https:\/\/www.clausius.es\/nl\/clausius-bombas-de-calor\/\" \/>\n<meta property=\"og:locale\" content=\"nl_NL\" \/>\n<meta property=\"og:type\" content=\"article\" \/>\n<meta property=\"og:title\" content=\"Clausius, bombas de calor - Clausius\" \/>\n<meta property=\"og:url\" content=\"https:\/\/www.clausius.es\/nl\/clausius-bombas-de-calor\/\" \/>\n<meta property=\"og:site_name\" content=\"Clausius\" \/>\n<meta property=\"article:modified_time\" content=\"2026-04-01T08:32:25+00:00\" \/>\n<meta name=\"twitter:card\" content=\"summary_large_image\" \/>\n<meta name=\"twitter:label1\" content=\"Geschatte leestijd\" \/>\n\t<meta name=\"twitter:data1\" content=\"4 minuten\" \/>\n<script type=\"application\/ld+json\" class=\"yoast-schema-graph\">{\"@context\":\"https:\\\/\\\/schema.org\",\"@graph\":[{\"@type\":\"WebPage\",\"@id\":\"https:\\\/\\\/www.clausius.es\\\/nl\\\/clausius-bombas-de-calor\\\/\",\"url\":\"https:\\\/\\\/www.clausius.es\\\/nl\\\/clausius-bombas-de-calor\\\/\",\"name\":\"Clausius, bombas de calor - Clausius\",\"isPartOf\":{\"@id\":\"https:\\\/\\\/www.clausius.es\\\/#website\"},\"datePublished\":\"2026-03-31T10:58:06+00:00\",\"dateModified\":\"2026-04-01T08:32:25+00:00\",\"breadcrumb\":{\"@id\":\"https:\\\/\\\/www.clausius.es\\\/nl\\\/clausius-bombas-de-calor\\\/#breadcrumb\"},\"inLanguage\":\"nl-NL\",\"potentialAction\":[{\"@type\":\"ReadAction\",\"target\":[\"https:\\\/\\\/www.clausius.es\\\/nl\\\/clausius-bombas-de-calor\\\/\"]}]},{\"@type\":\"BreadcrumbList\",\"@id\":\"https:\\\/\\\/www.clausius.es\\\/nl\\\/clausius-bombas-de-calor\\\/#breadcrumb\",\"itemListElement\":[{\"@type\":\"ListItem\",\"position\":1,\"name\":\"Portada\",\"item\":\"https:\\\/\\\/www.clausius.es\\\/nl\\\/geotermia-2\\\/\"},{\"@type\":\"ListItem\",\"position\":2,\"name\":\"Clausius, bombas de calor\"}]},{\"@type\":\"WebSite\",\"@id\":\"https:\\\/\\\/www.clausius.es\\\/#website\",\"url\":\"https:\\\/\\\/www.clausius.es\\\/\",\"name\":\"Clausius\",\"description\":\"\",\"potentialAction\":[{\"@type\":\"SearchAction\",\"target\":{\"@type\":\"EntryPoint\",\"urlTemplate\":\"https:\\\/\\\/www.clausius.es\\\/?s={search_term_string}\"},\"query-input\":{\"@type\":\"PropertyValueSpecification\",\"valueRequired\":true,\"valueName\":\"search_term_string\"}}],\"inLanguage\":\"nl-NL\"}]}<\/script>\n<!-- \/ Yoast SEO plugin. -->","yoast_head_json":{"title":"Clausius, bombas de calor - Clausius","robots":{"index":"index","follow":"follow","max-snippet":"max-snippet:-1","max-image-preview":"max-image-preview:large","max-video-preview":"max-video-preview:-1"},"canonical":"https:\/\/www.clausius.es\/nl\/clausius-bombas-de-calor\/","og_locale":"nl_NL","og_type":"article","og_title":"Clausius, bombas de calor - Clausius","og_url":"https:\/\/www.clausius.es\/nl\/clausius-bombas-de-calor\/","og_site_name":"Clausius","article_modified_time":"2026-04-01T08:32:25+00:00","twitter_card":"summary_large_image","twitter_misc":{"Geschatte leestijd":"4 minuten"},"schema":{"@context":"https:\/\/schema.org","@graph":[{"@type":"WebPage","@id":"https:\/\/www.clausius.es\/nl\/clausius-bombas-de-calor\/","url":"https:\/\/www.clausius.es\/nl\/clausius-bombas-de-calor\/","name":"Clausius, bombas de calor - Clausius","isPartOf":{"@id":"https:\/\/www.clausius.es\/#website"},"datePublished":"2026-03-31T10:58:06+00:00","dateModified":"2026-04-01T08:32:25+00:00","breadcrumb":{"@id":"https:\/\/www.clausius.es\/nl\/clausius-bombas-de-calor\/#breadcrumb"},"inLanguage":"nl-NL","potentialAction":[{"@type":"ReadAction","target":["https:\/\/www.clausius.es\/nl\/clausius-bombas-de-calor\/"]}]},{"@type":"BreadcrumbList","@id":"https:\/\/www.clausius.es\/nl\/clausius-bombas-de-calor\/#breadcrumb","itemListElement":[{"@type":"ListItem","position":1,"name":"Portada","item":"https:\/\/www.clausius.es\/nl\/geotermia-2\/"},{"@type":"ListItem","position":2,"name":"Clausius, bombas de calor"}]},{"@type":"WebSite","@id":"https:\/\/www.clausius.es\/#website","url":"https:\/\/www.clausius.es\/","name":"Clausius","description":"","potentialAction":[{"@type":"SearchAction","target":{"@type":"EntryPoint","urlTemplate":"https:\/\/www.clausius.es\/?s={search_term_string}"},"query-input":{"@type":"PropertyValueSpecification","valueRequired":true,"valueName":"search_term_string"}}],"inLanguage":"nl-NL"}]}},"_links":{"self":[{"href":"https:\/\/www.clausius.es\/nl\/wp-json\/wp\/v2\/pages\/12833","targetHints":{"allow":["GET"]}}],"collection":[{"href":"https:\/\/www.clausius.es\/nl\/wp-json\/wp\/v2\/pages"}],"about":[{"href":"https:\/\/www.clausius.es\/nl\/wp-json\/wp\/v2\/types\/page"}],"author":[{"embeddable":true,"href":"https:\/\/www.clausius.es\/nl\/wp-json\/wp\/v2\/users\/4"}],"replies":[{"embeddable":true,"href":"https:\/\/www.clausius.es\/nl\/wp-json\/wp\/v2\/comments?post=12833"}],"version-history":[{"count":5,"href":"https:\/\/www.clausius.es\/nl\/wp-json\/wp\/v2\/pages\/12833\/revisions"}],"predecessor-version":[{"id":13020,"href":"https:\/\/www.clausius.es\/nl\/wp-json\/wp\/v2\/pages\/12833\/revisions\/13020"}],"wp:attachment":[{"href":"https:\/\/www.clausius.es\/nl\/wp-json\/wp\/v2\/media?parent=12833"}],"curies":[{"name":"wp","href":"https:\/\/api.w.org\/{rel}","templated":true}]}}